{"id":471,"date":"2024-06-28T14:45:17","date_gmt":"2024-06-28T17:45:17","guid":{"rendered":"http:\/\/tecsetesolucoes.com.br\/?page_id=471"},"modified":"2024-06-28T15:30:17","modified_gmt":"2024-06-28T18:30:17","slug":"instalacao-de-servidores-2-2-2-2-2-2-2-2","status":"publish","type":"page","link":"https:\/\/tecsetesolucoes.com.br\/?page_id=471","title":{"rendered":"Desenvolvimento de Sites Institucional, Loja Virtual, Blog, Landing Page"},"content":{"rendered":"\t\t<div data-elementor-type=\"wp-page\" data-elementor-id=\"471\" class=\"elementor elementor-471\" data-elementor-post-type=\"page\">\n\t\t\t\t<div class=\"elementor-element elementor-element-6f5a500 e-flex e-con-boxed e-con e-parent\" data-id=\"6f5a500\" data-element_type=\"container\">\n\t\t\t\t\t<div class=\"e-con-inner\">\n\t\t<div class=\"elementor-element elementor-element-04afc99 e-con-full e-flex e-con e-child\" data-id=\"04afc99\" data-element_type=\"container\">\n\t\t\t\t<div class=\"elementor-element elementor-element-99ea7f8 elementor-widget elementor-widget-heading\" data-id=\"99ea7f8\" data-element_type=\"widget\" data-widget_type=\"heading.default\">\n\t\t\t\t<div class=\"elementor-widget-container\">\n\t\t\t<style>\/*! elementor - v3.22.0 - 26-06-2024 *\/\n.elementor-heading-title{padding:0;margin:0;line-height:1}.elementor-widget-heading .elementor-heading-title[class*=elementor-size-]>a{color:inherit;font-size:inherit;line-height:inherit}.elementor-widget-heading .elementor-heading-title.elementor-size-small{font-size:15px}.elementor-widget-heading .elementor-heading-title.elementor-size-medium{font-size:19px}.elementor-widget-heading .elementor-heading-title.elementor-size-large{font-size:29px}.elementor-widget-heading .elementor-heading-title.elementor-size-xl{font-size:39px}.elementor-widget-heading .elementor-heading-title.elementor-size-xxl{font-size:59px}<\/style><h2 class=\"elementor-heading-title elementor-size-default\">Desenvolvimento de Sites<\/h2>\t\t<\/div>\n\t\t\t\t<\/div>\n\t\t\t\t<\/div>\n\t\t<div class=\"elementor-element elementor-element-a896418 e-con-full e-flex e-con e-child\" data-id=\"a896418\" data-element_type=\"container\">\n\t\t\t\t<div class=\"elementor-element elementor-element-980f7b0 elementor-widget elementor-widget-image\" data-id=\"980f7b0\" data-element_type=\"widget\" data-widget_type=\"image.default\">\n\t\t\t\t<div class=\"elementor-widget-container\">\n\t\t\t<style>\/*! elementor - v3.22.0 - 26-06-2024 *\/\n.elementor-widget-image{text-align:center}.elementor-widget-image a{display:inline-block}.elementor-widget-image a img[src$=\".svg\"]{width:48px}.elementor-widget-image img{vertical-align:middle;display:inline-block}<\/style>\t\t\t\t\t\t\t\t\t\t<img fetchpriority=\"high\" decoding=\"async\" width=\"354\" height=\"354\" src=\"https:\/\/tecsetesolucoes.com.br\/wp-content\/uploads\/2024\/06\/1.jpg\" class=\"attachment-large size-large wp-image-402\" alt=\"\" srcset=\"https:\/\/tecsetesolucoes.com.br\/wp-content\/uploads\/2024\/06\/1.jpg 354w, https:\/\/tecsetesolucoes.com.br\/wp-content\/uploads\/2024\/06\/1-300x300.jpg 300w, https:\/\/tecsetesolucoes.com.br\/wp-content\/uploads\/2024\/06\/1-150x150.jpg 150w\" sizes=\"(max-width: 354px) 100vw, 354px\" \/>\t\t\t\t\t\t\t\t\t\t\t\t\t<\/div>\n\t\t\t\t<\/div>\n\t\t\t\t<\/div>\n\t\t<div class=\"elementor-element elementor-element-cf8b8cc e-con-full e-flex e-con e-child\" data-id=\"cf8b8cc\" data-element_type=\"container\">\n\t\t\t\t<div class=\"elementor-element elementor-element-c87b453 elementor-widget elementor-widget-text-editor\" data-id=\"c87b453\" data-element_type=\"widget\" data-widget_type=\"text-editor.default\">\n\t\t\t\t<div class=\"elementor-widget-container\">\n\t\t\t<style>\/*! elementor - v3.22.0 - 26-06-2024 *\/\n.elementor-widget-text-editor.elementor-drop-cap-view-stacked .elementor-drop-cap{background-color:#69727d;color:#fff}.elementor-widget-text-editor.elementor-drop-cap-view-framed .elementor-drop-cap{color:#69727d;border:3px solid;background-color:transparent}.elementor-widget-text-editor:not(.elementor-drop-cap-view-default) .elementor-drop-cap{margin-top:8px}.elementor-widget-text-editor:not(.elementor-drop-cap-view-default) .elementor-drop-cap-letter{width:1em;height:1em}.elementor-widget-text-editor .elementor-drop-cap{float:left;text-align:center;line-height:1;font-size:50px}.elementor-widget-text-editor .elementor-drop-cap-letter{display:inline-block}<\/style>\t\t\t\t<p>Com um website, voc\u00ea ent\u00e3o\u00a0garante uma boa presen\u00e7a online e abre uma porta que permite a venda dos seus produtos ou servi\u00e7os em qualquer hora, de qualquer lugar.<\/p><p>Criamos sites mediante sua necessidade:<\/p><ul><li>Site Institucional<\/li><li>Loja Virtual<\/li><li>Blog<\/li><li>Landing Page<\/li><\/ul>\t\t\t\t\t\t<\/div>\n\t\t\t\t<\/div>\n\t\t\t\t<\/div>\n\t\t\t\t\t<\/div>\n\t\t\t\t<\/div>\n\t\t<div class=\"elementor-element elementor-element-ecd5cad e-flex e-con-boxed e-con e-parent\" data-id=\"ecd5cad\" data-element_type=\"container\" data-settings=\"{&quot;background_background&quot;:&quot;classic&quot;}\">\n\t\t\t\t\t<div class=\"e-con-inner\">\n\t\t\t\t<div class=\"elementor-element elementor-element-6addb4f elementor-widget elementor-widget-heading\" data-id=\"6addb4f\" data-element_type=\"widget\" data-widget_type=\"heading.default\">\n\t\t\t\t<div class=\"elementor-widget-container\">\n\t\t\t<h2 class=\"elementor-heading-title elementor-size-default\">Est\u00e1 em d\u00favida sobre qual servi\u00e7o \u00e9 o mais adequado para a sua empresa? <\/h2>\t\t<\/div>\n\t\t\t\t<\/div>\n\t\t\t\t<div class=\"elementor-element elementor-element-5c6a53b elementor-widget elementor-widget-heading\" data-id=\"5c6a53b\" data-element_type=\"widget\" data-widget_type=\"heading.default\">\n\t\t\t\t<div class=\"elementor-widget-container\">\n\t\t\t<h2 class=\"elementor-heading-title elementor-size-default\">Fale com um t\u00e9cnico especializado:<\/h2>\t\t<\/div>\n\t\t\t\t<\/div>\n\t\t\t\t<div class=\"elementor-element elementor-element-ade78d3 elementor-widget elementor-widget-button\" data-id=\"ade78d3\" data-element_type=\"widget\" data-widget_type=\"button.default\">\n\t\t\t\t<div class=\"elementor-widget-container\">\n\t\t\t\t\t<div class=\"elementor-button-wrapper\">\n\t\t\t<a class=\"elementor-button elementor-button-link elementor-size-sm\" href=\"https:\/\/tecsetesolucoes.com.br\/contato\/\">\n\t\t\t\t\t\t<span class=\"elementor-button-content-wrapper\">\n\t\t\t\t\t\t\t\t\t<span class=\"elementor-button-text\">Clique aqui<\/span>\n\t\t\t\t\t<\/span>\n\t\t\t\t\t<\/a>\n\t\t<\/div>\n\t\t\t\t<\/div>\n\t\t\t\t<\/div>\n\t\t\t\t\t<\/div>\n\t\t\t\t<\/div>\n\t\t\t\t<\/div>\n\t\t","protected":false},"excerpt":{"rendered":"<p>Desenvolvimento de Sites Com um website, voc\u00ea ent\u00e3o\u00a0garante uma boa presen\u00e7a online e abre uma porta que permite a venda dos seus produtos ou servi\u00e7os em qualquer hora, de qualquer lugar. Criamos sites mediante sua necessidade: Site Institucional Loja Virtual Blog Landing Page Est\u00e1 em d\u00favida sobre qual servi\u00e7o \u00e9 o mais adequado para a [&hellip;]<\/p>\n","protected":false},"author":1,"featured_media":0,"parent":0,"menu_order":0,"comment_status":"closed","ping_status":"closed","template":"","meta":{"footnotes":""},"class_list":["post-471","page","type-page","status-publish","hentry"],"_links":{"self":[{"href":"https:\/\/tecsetesolucoes.com.br\/index.php?rest_route=\/wp\/v2\/pages\/471","targetHints":{"allow":["GET"]}}],"collection":[{"href":"https:\/\/tecsetesolucoes.com.br\/index.php?rest_route=\/wp\/v2\/pages"}],"about":[{"href":"https:\/\/tecsetesolucoes.com.br\/index.php?rest_route=\/wp\/v2\/types\/page"}],"author":[{"embeddable":true,"href":"https:\/\/tecsetesolucoes.com.br\/index.php?rest_route=\/wp\/v2\/users\/1"}],"replies":[{"embeddable":true,"href":"https:\/\/tecsetesolucoes.com.br\/index.php?rest_route=%2Fwp%2Fv2%2Fcomments&post=471"}],"version-history":[{"count":10,"href":"https:\/\/tecsetesolucoes.com.br\/index.php?rest_route=\/wp\/v2\/pages\/471\/revisions"}],"predecessor-version":[{"id":605,"href":"https:\/\/tecsetesolucoes.com.br\/index.php?rest_route=\/wp\/v2\/pages\/471\/revisions\/605"}],"wp:attachment":[{"href":"https:\/\/tecsetesolucoes.com.br\/index.php?rest_route=%2Fwp%2Fv2%2Fmedia&parent=471"}],"curies":[{"name":"wp","href":"https:\/\/api.w.org\/{rel}","templated":true}]}}