{"id":395,"date":"2024-06-28T13:22:58","date_gmt":"2024-06-28T16:22:58","guid":{"rendered":"http:\/\/tecsetesolucoes.com.br\/?page_id=395"},"modified":"2024-06-28T20:24:28","modified_gmt":"2024-06-28T23:24:28","slug":"nossas-solucoes-2","status":"publish","type":"page","link":"https:\/\/tecsetesolucoes.com.br\/?page_id=395","title":{"rendered":"Nossas Solu\u00e7\u00f5es"},"content":{"rendered":"\t\t<div data-elementor-type=\"wp-page\" data-elementor-id=\"395\" class=\"elementor elementor-395\" data-elementor-post-type=\"page\">\n\t\t\t\t<div class=\"elementor-element elementor-element-286f55c e-flex e-con-boxed e-con e-parent\" data-id=\"286f55c\" data-element_type=\"container\" data-settings=\"{&quot;background_background&quot;:&quot;video&quot;,&quot;background_video_link&quot;:&quot;https:\\\/\\\/www.youtube.com\\\/watch?v=sQ22pm-xvrE&quot;,&quot;background_video_start&quot;:2,&quot;background_video_end&quot;:19}\">\n\t\t\t\t\t<div class=\"e-con-inner\">\n\t\t<div class=\"elementor-background-video-container elementor-hidden-phone\">\n\t\t\t\t\t\t\t<div class=\"elementor-background-video-embed\"><\/div>\n\t\t\t\t\t\t<\/div>\t\t\t<\/div>\n\t\t\t\t<\/div>\n\t\t<div class=\"elementor-element elementor-element-f83fb35 e-flex e-con-boxed e-con e-parent\" data-id=\"f83fb35\" data-element_type=\"container\">\n\t\t\t\t\t<div class=\"e-con-inner\">\n\t\t\t\t<div class=\"elementor-element elementor-element-62d07b8 animated-slow elementor-invisible elementor-widget elementor-widget-heading\" data-id=\"62d07b8\" data-element_type=\"widget\" data-settings=\"{&quot;_animation&quot;:&quot;fadeInLeft&quot;}\" data-widget_type=\"heading.default\">\n\t\t\t\t<div class=\"elementor-widget-container\">\n\t\t\t<style>\/*! elementor - v3.22.0 - 26-06-2024 *\/\n.elementor-heading-title{padding:0;margin:0;line-height:1}.elementor-widget-heading .elementor-heading-title[class*=elementor-size-]>a{color:inherit;font-size:inherit;line-height:inherit}.elementor-widget-heading .elementor-heading-title.elementor-size-small{font-size:15px}.elementor-widget-heading .elementor-heading-title.elementor-size-medium{font-size:19px}.elementor-widget-heading .elementor-heading-title.elementor-size-large{font-size:29px}.elementor-widget-heading .elementor-heading-title.elementor-size-xl{font-size:39px}.elementor-widget-heading .elementor-heading-title.elementor-size-xxl{font-size:59px}<\/style><h2 class=\"elementor-heading-title elementor-size-default\">CONHE\u00c7A NOSSAS SOLU\u00c7\u00d5ES<\/h2>\t\t<\/div>\n\t\t\t\t<\/div>\n\t\t\t\t<div class=\"elementor-element elementor-element-356c43a animated-slow elementor-invisible elementor-widget elementor-widget-text-editor\" data-id=\"356c43a\" data-element_type=\"widget\" data-settings=\"{&quot;_animation&quot;:&quot;fadeInLeft&quot;}\" data-widget_type=\"text-editor.default\">\n\t\t\t\t<div class=\"elementor-widget-container\">\n\t\t\t<style>\/*! elementor - v3.22.0 - 26-06-2024 *\/\n.elementor-widget-text-editor.elementor-drop-cap-view-stacked .elementor-drop-cap{background-color:#69727d;color:#fff}.elementor-widget-text-editor.elementor-drop-cap-view-framed .elementor-drop-cap{color:#69727d;border:3px solid;background-color:transparent}.elementor-widget-text-editor:not(.elementor-drop-cap-view-default) .elementor-drop-cap{margin-top:8px}.elementor-widget-text-editor:not(.elementor-drop-cap-view-default) .elementor-drop-cap-letter{width:1em;height:1em}.elementor-widget-text-editor .elementor-drop-cap{float:left;text-align:center;line-height:1;font-size:50px}.elementor-widget-text-editor .elementor-drop-cap-letter{display:inline-block}<\/style>\t\t\t\t<p>Para saber mais detalhes entre em contato com nossa equipe, faremos uma an\u00e1lise completa para voc\u00ea!<\/p>\t\t\t\t\t\t<\/div>\n\t\t\t\t<\/div>\n\t\t\t\t\t<\/div>\n\t\t\t\t<\/div>\n\t\t<div class=\"elementor-element elementor-element-352f8e9 e-flex e-con-boxed elementor-invisible e-con e-parent\" data-id=\"352f8e9\" data-element_type=\"container\" data-settings=\"{&quot;animation&quot;:&quot;fadeIn&quot;}\">\n\t\t\t\t\t<div class=\"e-con-inner\">\n\t\t<div class=\"elementor-element elementor-element-fc6f0c9 e-con-full e-flex e-con e-child\" data-id=\"fc6f0c9\" data-element_type=\"container\">\n\t\t\t\t<div class=\"elementor-element elementor-element-58ff597 elementor-widget elementor-widget-image\" data-id=\"58ff597\" data-element_type=\"widget\" data-widget_type=\"image.default\">\n\t\t\t\t<div class=\"elementor-widget-container\">\n\t\t\t<style>\/*! elementor - v3.22.0 - 26-06-2024 *\/\n.elementor-widget-image{text-align:center}.elementor-widget-image a{display:inline-block}.elementor-widget-image a img[src$=\".svg\"]{width:48px}.elementor-widget-image img{vertical-align:middle;display:inline-block}<\/style>\t\t\t\t\t\t\t\t\t\t<img fetchpriority=\"high\" decoding=\"async\" width=\"354\" height=\"354\" src=\"https:\/\/tecsetesolucoes.com.br\/wp-content\/uploads\/2024\/06\/Servidor.jpg\" class=\"elementor-animation-grow attachment-large size-large wp-image-632\" alt=\"\" srcset=\"https:\/\/tecsetesolucoes.com.br\/wp-content\/uploads\/2024\/06\/Servidor.jpg 354w, https:\/\/tecsetesolucoes.com.br\/wp-content\/uploads\/2024\/06\/Servidor-300x300.jpg 300w, https:\/\/tecsetesolucoes.com.br\/wp-content\/uploads\/2024\/06\/Servidor-150x150.jpg 150w\" sizes=\"(max-width: 354px) 100vw, 354px\" \/>\t\t\t\t\t\t\t\t\t\t\t\t\t<\/div>\n\t\t\t\t<\/div>\n\t\t\t\t<div class=\"elementor-element elementor-element-26bf967 elementor-align-center elementor-widget elementor-widget-button\" data-id=\"26bf967\" data-element_type=\"widget\" data-widget_type=\"button.default\">\n\t\t\t\t<div class=\"elementor-widget-container\">\n\t\t\t\t\t<div class=\"elementor-button-wrapper\">\n\t\t\t<a class=\"elementor-button elementor-button-link elementor-size-sm elementor-animation-grow\" href=\"https:\/\/tecsetesolucoes.com.br\/?page_id=419\">\n\t\t\t\t\t\t<span class=\"elementor-button-content-wrapper\">\n\t\t\t\t\t\t\t\t\t<span class=\"elementor-button-text\">Instala\u00e7\u00e3o de Servidores<\/span>\n\t\t\t\t\t<\/span>\n\t\t\t\t\t<\/a>\n\t\t<\/div>\n\t\t\t\t<\/div>\n\t\t\t\t<\/div>\n\t\t\t\t<\/div>\n\t\t<div class=\"elementor-element elementor-element-4d73ef0 e-con-full e-flex e-con e-child\" data-id=\"4d73ef0\" data-element_type=\"container\">\n\t\t\t\t<div class=\"elementor-element elementor-element-6511cdb elementor-widget elementor-widget-image\" data-id=\"6511cdb\" data-element_type=\"widget\" data-widget_type=\"image.default\">\n\t\t\t\t<div class=\"elementor-widget-container\">\n\t\t\t\t\t\t\t\t\t\t\t\t\t<img decoding=\"async\" width=\"354\" height=\"354\" src=\"https:\/\/tecsetesolucoes.com.br\/wp-content\/uploads\/2024\/06\/Banco-de-dados.jpg\" class=\"elementor-animation-grow attachment-large size-large wp-image-631\" alt=\"\" srcset=\"https:\/\/tecsetesolucoes.com.br\/wp-content\/uploads\/2024\/06\/Banco-de-dados.jpg 354w, https:\/\/tecsetesolucoes.com.br\/wp-content\/uploads\/2024\/06\/Banco-de-dados-300x300.jpg 300w, https:\/\/tecsetesolucoes.com.br\/wp-content\/uploads\/2024\/06\/Banco-de-dados-150x150.jpg 150w\" sizes=\"(max-width: 354px) 100vw, 354px\" \/>\t\t\t\t\t\t\t\t\t\t\t\t\t<\/div>\n\t\t\t\t<\/div>\n\t\t\t\t<div class=\"elementor-element elementor-element-ddb37da elementor-align-center elementor-widget elementor-widget-button\" data-id=\"ddb37da\" data-element_type=\"widget\" data-widget_type=\"button.default\">\n\t\t\t\t<div class=\"elementor-widget-container\">\n\t\t\t\t\t<div class=\"elementor-button-wrapper\">\n\t\t\t<a class=\"elementor-button elementor-button-link elementor-size-sm elementor-animation-grow\" href=\"https:\/\/tecsetesolucoes.com.br\/?page_id=433\">\n\t\t\t\t\t\t<span class=\"elementor-button-content-wrapper\">\n\t\t\t\t\t\t\t\t\t<span class=\"elementor-button-text\">Banco de Dados<\/span>\n\t\t\t\t\t<\/span>\n\t\t\t\t\t<\/a>\n\t\t<\/div>\n\t\t\t\t<\/div>\n\t\t\t\t<\/div>\n\t\t\t\t<\/div>\n\t\t<div class=\"elementor-element elementor-element-c73150e e-con-full e-flex e-con e-child\" data-id=\"c73150e\" data-element_type=\"container\">\n\t\t\t\t<div class=\"elementor-element elementor-element-158ed0b elementor-widget elementor-widget-image\" data-id=\"158ed0b\" data-element_type=\"widget\" data-widget_type=\"image.default\">\n\t\t\t\t<div class=\"elementor-widget-container\">\n\t\t\t\t\t\t\t\t\t\t\t\t\t<img decoding=\"async\" width=\"354\" height=\"354\" src=\"https:\/\/tecsetesolucoes.com.br\/wp-content\/uploads\/2024\/06\/7.jpg\" class=\"elementor-animation-grow attachment-large size-large wp-image-408\" alt=\"\" srcset=\"https:\/\/tecsetesolucoes.com.br\/wp-content\/uploads\/2024\/06\/7.jpg 354w, https:\/\/tecsetesolucoes.com.br\/wp-content\/uploads\/2024\/06\/7-300x300.jpg 300w, https:\/\/tecsetesolucoes.com.br\/wp-content\/uploads\/2024\/06\/7-150x150.jpg 150w\" sizes=\"(max-width: 354px) 100vw, 354px\" \/>\t\t\t\t\t\t\t\t\t\t\t\t\t<\/div>\n\t\t\t\t<\/div>\n\t\t\t\t<div class=\"elementor-element elementor-element-0f5e761 elementor-align-center elementor-widget elementor-widget-button\" data-id=\"0f5e761\" data-element_type=\"widget\" data-widget_type=\"button.default\">\n\t\t\t\t<div class=\"elementor-widget-container\">\n\t\t\t\t\t<div class=\"elementor-button-wrapper\">\n\t\t\t<a class=\"elementor-button elementor-button-link elementor-size-sm elementor-animation-grow\" href=\"https:\/\/tecsetesolucoes.com.br\/?page_id=438\">\n\t\t\t\t\t\t<span class=\"elementor-button-content-wrapper\">\n\t\t\t\t\t\t\t\t\t<span class=\"elementor-button-text\">Projetos de Redes de Computadores<\/span>\n\t\t\t\t\t<\/span>\n\t\t\t\t\t<\/a>\n\t\t<\/div>\n\t\t\t\t<\/div>\n\t\t\t\t<\/div>\n\t\t\t\t<\/div>\n\t\t<div class=\"elementor-element elementor-element-54720fb e-con-full e-flex e-con e-child\" data-id=\"54720fb\" data-element_type=\"container\">\n\t\t\t\t<div class=\"elementor-element elementor-element-293fd9e elementor-widget elementor-widget-image\" data-id=\"293fd9e\" data-element_type=\"widget\" data-widget_type=\"image.default\">\n\t\t\t\t<div class=\"elementor-widget-container\">\n\t\t\t\t\t\t\t\t\t\t\t\t\t<img loading=\"lazy\" decoding=\"async\" width=\"354\" height=\"354\" src=\"https:\/\/tecsetesolucoes.com.br\/wp-content\/uploads\/2024\/06\/6.jpg\" class=\"elementor-animation-grow attachment-large size-large wp-image-407\" alt=\"\" srcset=\"https:\/\/tecsetesolucoes.com.br\/wp-content\/uploads\/2024\/06\/6.jpg 354w, https:\/\/tecsetesolucoes.com.br\/wp-content\/uploads\/2024\/06\/6-300x300.jpg 300w, https:\/\/tecsetesolucoes.com.br\/wp-content\/uploads\/2024\/06\/6-150x150.jpg 150w\" sizes=\"(max-width: 354px) 100vw, 354px\" \/>\t\t\t\t\t\t\t\t\t\t\t\t\t<\/div>\n\t\t\t\t<\/div>\n\t\t\t\t<div class=\"elementor-element elementor-element-967d11f elementor-align-center elementor-widget elementor-widget-button\" data-id=\"967d11f\" data-element_type=\"widget\" data-widget_type=\"button.default\">\n\t\t\t\t<div class=\"elementor-widget-container\">\n\t\t\t\t\t<div class=\"elementor-button-wrapper\">\n\t\t\t<a class=\"elementor-button elementor-button-link elementor-size-sm elementor-animation-grow\" href=\"https:\/\/tecsetesolucoes.com.br\/?page_id=443\">\n\t\t\t\t\t\t<span class=\"elementor-button-content-wrapper\">\n\t\t\t\t\t\t\t\t\t<span class=\"elementor-button-text\">C\u00e2meras de Seguran\u00e7a<\/span>\n\t\t\t\t\t<\/span>\n\t\t\t\t\t<\/a>\n\t\t<\/div>\n\t\t\t\t<\/div>\n\t\t\t\t<\/div>\n\t\t\t\t<\/div>\n\t\t<div class=\"elementor-element elementor-element-dd35f09 e-con-full e-flex e-con e-child\" data-id=\"dd35f09\" data-element_type=\"container\">\n\t\t\t\t<div class=\"elementor-element elementor-element-f621f7c elementor-widget elementor-widget-image\" data-id=\"f621f7c\" data-element_type=\"widget\" data-widget_type=\"image.default\">\n\t\t\t\t<div class=\"elementor-widget-container\">\n\t\t\t\t\t\t\t\t\t\t\t\t\t<img loading=\"lazy\" decoding=\"async\" width=\"354\" height=\"354\" src=\"https:\/\/tecsetesolucoes.com.br\/wp-content\/uploads\/2024\/06\/5.jpg\" class=\"elementor-animation-grow attachment-large size-large wp-image-406\" alt=\"\" srcset=\"https:\/\/tecsetesolucoes.com.br\/wp-content\/uploads\/2024\/06\/5.jpg 354w, https:\/\/tecsetesolucoes.com.br\/wp-content\/uploads\/2024\/06\/5-300x300.jpg 300w, https:\/\/tecsetesolucoes.com.br\/wp-content\/uploads\/2024\/06\/5-150x150.jpg 150w\" sizes=\"(max-width: 354px) 100vw, 354px\" \/>\t\t\t\t\t\t\t\t\t\t\t\t\t<\/div>\n\t\t\t\t<\/div>\n\t\t\t\t<div class=\"elementor-element elementor-element-641d04b elementor-align-center elementor-widget elementor-widget-button\" data-id=\"641d04b\" data-element_type=\"widget\" data-widget_type=\"button.default\">\n\t\t\t\t<div class=\"elementor-widget-container\">\n\t\t\t\t\t<div class=\"elementor-button-wrapper\">\n\t\t\t<a class=\"elementor-button elementor-button-link elementor-size-sm elementor-animation-grow\" href=\"https:\/\/tecsetesolucoes.com.br\/?page_id=448\">\n\t\t\t\t\t\t<span class=\"elementor-button-content-wrapper\">\n\t\t\t\t\t\t\t\t\t<span class=\"elementor-button-text\">Cabeamento estruturado<\/span>\n\t\t\t\t\t<\/span>\n\t\t\t\t\t<\/a>\n\t\t<\/div>\n\t\t\t\t<\/div>\n\t\t\t\t<\/div>\n\t\t\t\t<\/div>\n\t\t<div class=\"elementor-element elementor-element-4141bb9 e-con-full e-flex e-con e-child\" data-id=\"4141bb9\" data-element_type=\"container\">\n\t\t\t\t<div class=\"elementor-element elementor-element-cce3209 elementor-widget elementor-widget-image\" data-id=\"cce3209\" data-element_type=\"widget\" data-widget_type=\"image.default\">\n\t\t\t\t<div class=\"elementor-widget-container\">\n\t\t\t\t\t\t\t\t\t\t\t\t\t<img loading=\"lazy\" decoding=\"async\" width=\"354\" height=\"354\" src=\"https:\/\/tecsetesolucoes.com.br\/wp-content\/uploads\/2024\/06\/windows.jpg\" class=\"elementor-animation-grow attachment-large size-large wp-image-634\" alt=\"\" srcset=\"https:\/\/tecsetesolucoes.com.br\/wp-content\/uploads\/2024\/06\/windows.jpg 354w, https:\/\/tecsetesolucoes.com.br\/wp-content\/uploads\/2024\/06\/windows-300x300.jpg 300w, https:\/\/tecsetesolucoes.com.br\/wp-content\/uploads\/2024\/06\/windows-150x150.jpg 150w\" sizes=\"(max-width: 354px) 100vw, 354px\" \/>\t\t\t\t\t\t\t\t\t\t\t\t\t<\/div>\n\t\t\t\t<\/div>\n\t\t\t\t<div class=\"elementor-element elementor-element-ec2adf1 elementor-align-center elementor-widget elementor-widget-button\" data-id=\"ec2adf1\" data-element_type=\"widget\" data-widget_type=\"button.default\">\n\t\t\t\t<div class=\"elementor-widget-container\">\n\t\t\t\t\t<div class=\"elementor-button-wrapper\">\n\t\t\t<a class=\"elementor-button elementor-button-link elementor-size-sm elementor-animation-grow\" href=\"https:\/\/tecsetesolucoes.com.br\/?page_id=456\">\n\t\t\t\t\t\t<span class=\"elementor-button-content-wrapper\">\n\t\t\t\t\t\t\t\t\t<span class=\"elementor-button-text\">Servidor Windows com Dom\u00ednio<\/span>\n\t\t\t\t\t<\/span>\n\t\t\t\t\t<\/a>\n\t\t<\/div>\n\t\t\t\t<\/div>\n\t\t\t\t<\/div>\n\t\t\t\t<\/div>\n\t\t<div class=\"elementor-element elementor-element-5ede05b e-con-full e-flex e-con e-child\" data-id=\"5ede05b\" data-element_type=\"container\">\n\t\t\t\t<div class=\"elementor-element elementor-element-49b6436 elementor-widget elementor-widget-image\" data-id=\"49b6436\" data-element_type=\"widget\" data-widget_type=\"image.default\">\n\t\t\t\t<div class=\"elementor-widget-container\">\n\t\t\t\t\t\t\t\t\t\t\t\t\t<img loading=\"lazy\" decoding=\"async\" width=\"354\" height=\"354\" src=\"https:\/\/tecsetesolucoes.com.br\/wp-content\/uploads\/2024\/06\/3.jpg\" class=\"elementor-animation-grow attachment-large size-large wp-image-404\" alt=\"\" srcset=\"https:\/\/tecsetesolucoes.com.br\/wp-content\/uploads\/2024\/06\/3.jpg 354w, https:\/\/tecsetesolucoes.com.br\/wp-content\/uploads\/2024\/06\/3-300x300.jpg 300w, https:\/\/tecsetesolucoes.com.br\/wp-content\/uploads\/2024\/06\/3-150x150.jpg 150w\" sizes=\"(max-width: 354px) 100vw, 354px\" \/>\t\t\t\t\t\t\t\t\t\t\t\t\t<\/div>\n\t\t\t\t<\/div>\n\t\t\t\t<div class=\"elementor-element elementor-element-9e94ed1 elementor-align-center elementor-widget elementor-widget-button\" data-id=\"9e94ed1\" data-element_type=\"widget\" data-widget_type=\"button.default\">\n\t\t\t\t<div class=\"elementor-widget-container\">\n\t\t\t\t\t<div class=\"elementor-button-wrapper\">\n\t\t\t<a class=\"elementor-button elementor-button-link elementor-size-sm elementor-animation-grow\" href=\"https:\/\/tecsetesolucoes.com.br\/?page_id=461\">\n\t\t\t\t\t\t<span class=\"elementor-button-content-wrapper\">\n\t\t\t\t\t\t\t\t\t<span class=\"elementor-button-text\">Firewall<\/span>\n\t\t\t\t\t<\/span>\n\t\t\t\t\t<\/a>\n\t\t<\/div>\n\t\t\t\t<\/div>\n\t\t\t\t<\/div>\n\t\t\t\t<\/div>\n\t\t<div class=\"elementor-element elementor-element-8b890b4 e-con-full e-flex e-con e-child\" data-id=\"8b890b4\" data-element_type=\"container\">\n\t\t\t\t<div class=\"elementor-element elementor-element-e12fa5b elementor-widget elementor-widget-image\" data-id=\"e12fa5b\" data-element_type=\"widget\" data-widget_type=\"image.default\">\n\t\t\t\t<div class=\"elementor-widget-container\">\n\t\t\t\t\t\t\t\t\t\t\t\t\t<img loading=\"lazy\" decoding=\"async\" width=\"354\" height=\"354\" src=\"https:\/\/tecsetesolucoes.com.br\/wp-content\/uploads\/2024\/06\/2.jpg\" class=\"elementor-animation-grow attachment-large size-large wp-image-403\" alt=\"\" srcset=\"https:\/\/tecsetesolucoes.com.br\/wp-content\/uploads\/2024\/06\/2.jpg 354w, https:\/\/tecsetesolucoes.com.br\/wp-content\/uploads\/2024\/06\/2-300x300.jpg 300w, https:\/\/tecsetesolucoes.com.br\/wp-content\/uploads\/2024\/06\/2-150x150.jpg 150w\" sizes=\"(max-width: 354px) 100vw, 354px\" \/>\t\t\t\t\t\t\t\t\t\t\t\t\t<\/div>\n\t\t\t\t<\/div>\n\t\t\t\t<div class=\"elementor-element elementor-element-6558c81 elementor-align-center elementor-widget elementor-widget-button\" data-id=\"6558c81\" data-element_type=\"widget\" data-widget_type=\"button.default\">\n\t\t\t\t<div class=\"elementor-widget-container\">\n\t\t\t\t\t<div class=\"elementor-button-wrapper\">\n\t\t\t<a class=\"elementor-button elementor-button-link elementor-size-sm elementor-animation-grow\" href=\"https:\/\/tecsetesolucoes.com.br\/?page_id=466\">\n\t\t\t\t\t\t<span class=\"elementor-button-content-wrapper\">\n\t\t\t\t\t\t\t\t\t<span class=\"elementor-button-text\">Backup<\/span>\n\t\t\t\t\t<\/span>\n\t\t\t\t\t<\/a>\n\t\t<\/div>\n\t\t\t\t<\/div>\n\t\t\t\t<\/div>\n\t\t\t\t<\/div>\n\t\t<div class=\"elementor-element elementor-element-7ce1b3f e-con-full e-flex e-con e-child\" data-id=\"7ce1b3f\" data-element_type=\"container\">\n\t\t\t\t<div class=\"elementor-element elementor-element-2e23c36 elementor-widget elementor-widget-image\" data-id=\"2e23c36\" data-element_type=\"widget\" data-widget_type=\"image.default\">\n\t\t\t\t<div class=\"elementor-widget-container\">\n\t\t\t\t\t\t\t\t\t\t\t\t\t<img loading=\"lazy\" decoding=\"async\" width=\"354\" height=\"354\" src=\"https:\/\/tecsetesolucoes.com.br\/wp-content\/uploads\/2024\/06\/1.jpg\" class=\"elementor-animation-grow attachment-large size-large wp-image-402\" alt=\"\" srcset=\"https:\/\/tecsetesolucoes.com.br\/wp-content\/uploads\/2024\/06\/1.jpg 354w, https:\/\/tecsetesolucoes.com.br\/wp-content\/uploads\/2024\/06\/1-300x300.jpg 300w, https:\/\/tecsetesolucoes.com.br\/wp-content\/uploads\/2024\/06\/1-150x150.jpg 150w\" sizes=\"(max-width: 354px) 100vw, 354px\" \/>\t\t\t\t\t\t\t\t\t\t\t\t\t<\/div>\n\t\t\t\t<\/div>\n\t\t\t\t<div class=\"elementor-element elementor-element-d1d3d90 elementor-align-center elementor-widget elementor-widget-button\" data-id=\"d1d3d90\" data-element_type=\"widget\" data-widget_type=\"button.default\">\n\t\t\t\t<div class=\"elementor-widget-container\">\n\t\t\t\t\t<div class=\"elementor-button-wrapper\">\n\t\t\t<a class=\"elementor-button elementor-button-link elementor-size-sm elementor-animation-grow\" href=\"https:\/\/tecsetesolucoes.com.br\/?page_id=471\">\n\t\t\t\t\t\t<span class=\"elementor-button-content-wrapper\">\n\t\t\t\t\t\t\t\t\t<span class=\"elementor-button-text\">Desenvolvimento de Sites<\/span>\n\t\t\t\t\t<\/span>\n\t\t\t\t\t<\/a>\n\t\t<\/div>\n\t\t\t\t<\/div>\n\t\t\t\t<\/div>\n\t\t\t\t<\/div>\n\t\t\t\t\t<\/div>\n\t\t\t\t<\/div>\n\t\t<div class=\"elementor-element elementor-element-c81a9a1 animated-slow e-flex e-con-boxed elementor-invisible e-con e-parent\" data-id=\"c81a9a1\" data-element_type=\"container\" data-settings=\"{&quot;background_background&quot;:&quot;classic&quot;,&quot;animation&quot;:&quot;fadeInUp&quot;}\">\n\t\t\t\t\t<div class=\"e-con-inner\">\n\t\t\t\t<div class=\"elementor-element elementor-element-0a5249b elementor-widget elementor-widget-heading\" data-id=\"0a5249b\" data-element_type=\"widget\" data-widget_type=\"heading.default\">\n\t\t\t\t<div class=\"elementor-widget-container\">\n\t\t\t<h2 class=\"elementor-heading-title elementor-size-default\">Est\u00e1 em d\u00favida sobre qual servi\u00e7o \u00e9 o mais adequado para a sua empresa? <\/h2>\t\t<\/div>\n\t\t\t\t<\/div>\n\t\t\t\t<div class=\"elementor-element elementor-element-7ac94a9 elementor-widget elementor-widget-heading\" data-id=\"7ac94a9\" data-element_type=\"widget\" data-widget_type=\"heading.default\">\n\t\t\t\t<div class=\"elementor-widget-container\">\n\t\t\t<h2 class=\"elementor-heading-title elementor-size-default\">Fale com um t\u00e9cnico especializado:<\/h2>\t\t<\/div>\n\t\t\t\t<\/div>\n\t\t\t\t<div class=\"elementor-element elementor-element-c7973b5 elementor-align-center elementor-widget elementor-widget-button\" data-id=\"c7973b5\" data-element_type=\"widget\" data-widget_type=\"button.default\">\n\t\t\t\t<div class=\"elementor-widget-container\">\n\t\t\t\t\t<div class=\"elementor-button-wrapper\">\n\t\t\t<a class=\"elementor-button elementor-button-link elementor-size-sm elementor-animation-grow\" href=\"https:\/\/tecsetesolucoes.com.br\/?page_id=16\">\n\t\t\t\t\t\t<span class=\"elementor-button-content-wrapper\">\n\t\t\t\t\t\t\t\t\t<span class=\"elementor-button-text\">Clique aqui<\/span>\n\t\t\t\t\t<\/span>\n\t\t\t\t\t<\/a>\n\t\t<\/div>\n\t\t\t\t<\/div>\n\t\t\t\t<\/div>\n\t\t\t\t\t<\/div>\n\t\t\t\t<\/div>\n\t\t\t\t<\/div>\n\t\t","protected":false},"excerpt":{"rendered":"<p>CONHE\u00c7A NOSSAS SOLU\u00c7\u00d5ES Para saber mais detalhes entre em contato com nossa equipe, faremos uma an\u00e1lise completa para voc\u00ea! Instala\u00e7\u00e3o de Servidores Banco de Dados Projetos de Redes de Computadores C\u00e2meras de Seguran\u00e7a Cabeamento estruturado Servidor Windows com Dom\u00ednio Firewall Backup Desenvolvimento de Sites Est\u00e1 em d\u00favida sobre qual servi\u00e7o \u00e9 o mais adequado para [&hellip;]<\/p>\n","protected":false},"author":1,"featured_media":0,"parent":0,"menu_order":0,"comment_status":"closed","ping_status":"closed","template":"","meta":{"footnotes":""},"class_list":["post-395","page","type-page","status-publish","hentry"],"_links":{"self":[{"href":"https:\/\/tecsetesolucoes.com.br\/index.php?rest_route=\/wp\/v2\/pages\/395","targetHints":{"allow":["GET"]}}],"collection":[{"href":"https:\/\/tecsetesolucoes.com.br\/index.php?rest_route=\/wp\/v2\/pages"}],"about":[{"href":"https:\/\/tecsetesolucoes.com.br\/index.php?rest_route=\/wp\/v2\/types\/page"}],"author":[{"embeddable":true,"href":"https:\/\/tecsetesolucoes.com.br\/index.php?rest_route=\/wp\/v2\/users\/1"}],"replies":[{"embeddable":true,"href":"https:\/\/tecsetesolucoes.com.br\/index.php?rest_route=%2Fwp%2Fv2%2Fcomments&post=395"}],"version-history":[{"count":61,"href":"https:\/\/tecsetesolucoes.com.br\/index.php?rest_route=\/wp\/v2\/pages\/395\/revisions"}],"predecessor-version":[{"id":752,"href":"https:\/\/tecsetesolucoes.com.br\/index.php?rest_route=\/wp\/v2\/pages\/395\/revisions\/752"}],"wp:attachment":[{"href":"https:\/\/tecsetesolucoes.com.br\/index.php?rest_route=%2Fwp%2Fv2%2Fmedia&parent=395"}],"curies":[{"name":"wp","href":"https:\/\/api.w.org\/{rel}","templated":true}]}}